{"id":766,"date":"2020-03-31T20:50:58","date_gmt":"2020-03-31T17:50:58","guid":{"rendered":"https:\/\/newmechs.com\/za-nas\/"},"modified":"2020-08-06T14:18:52","modified_gmt":"2020-08-06T11:18:52","slug":"about-us","status":"publish","type":"page","link":"https:\/\/newmechs.com\/en\/about-us\/","title":{"rendered":"About us"},"content":{"rendered":"<div class=\"wpb-content-wrapper\"><p>[vc_row css=&#8221;.vc_custom_1586688792713{margin-top: 50px !important;}&#8221;][vc_column][vc_column_text css=&#8221;.vc_custom_1596179988456{margin-bottom: 50px !important;}&#8221;]In the foundation of our work is laid the will through knowledge and competence to propose the best service in the field of delivery of systems, spare parts and services for industrial and mobile hydraulics, lubrication systems and filtration technology.<\/p>\n<p>The detailed knowledge of the components allows us to find the optimal solutions for the customer in the conditions of the contemporary dynamics of the industry.<\/p>\n<p>In the implementation of the entire process &#8211; from the idea, through the design, delivery, commissioning and maintenance, we have realized that nothing comes easy and every detail requires its specific piece of attention. For our common success, we work with full commitment to our knowledge and capabilities for practical application, striving to upgrade them with every new challenge in the vast world of technology and human reason.[\/vc_column_text]<h2  class=\"evh-heading-title evh-heading-title-bulleted   \"  style=\"font-weight:300;text-align:center;color:#000000;\">Certificates<span class=\"evh-heading-bullet bullet-alignment-center\" style=\"background:#cfcfcf;width:70%;height:1px;\"><\/span><\/h2>[\/vc_column][\/vc_row][vc_row css=&#8221;.vc_custom_1586693791381{margin-bottom: 30px !important;}&#8221;][vc_column width=&#8221;1\/2&#8243; offset=&#8221;vc_col-lg-offset-3&#8243;][vc_single_image image=&#8221;692&#8243; img_size=&#8221;full&#8221;][\/vc_column][\/vc_row][vc_row css=&#8221;.vc_custom_1586693651718{margin-bottom: 50px !important;}&#8221;][vc_column][vc_column_text]We work according to the obtained highest level 3 of professional qualification in the field of industrial hydraulics, according to the requirements of CETOP (Comit\u00e9 Europ\u00e9en des Transmissions Ol\u00e9ohydrauliques et Pneumatiques \/ European Fluid Power Committee).[\/vc_column_text][\/vc_column][\/vc_row]<\/p>\n<\/div>","protected":false},"excerpt":{"rendered":"<p>[vc_row css=&#8221;.vc_custom_1586688792713{margin-top: 50px !important;}&#8221;][vc_column][vc_column_text css=&#8221;.vc_custom_1596179988456{margin-bottom: 50px !important;}&#8221;]In the foundation of our work is laid the will through knowledge and competence to propose the best service in the field of delivery of systems, spare parts and services for industrial and mobile hydraulics, lubrication systems and filtration technology. The detailed knowledge of the components allows us to [&hellip;]<\/p>\n","protected":false},"author":1,"featured_media":0,"parent":0,"menu_order":0,"comment_status":"closed","ping_status":"closed","template":"","meta":{"footnotes":""},"class_list":["post-766","page","type-page","status-publish","hentry"],"yoast_head":"<!-- This site is optimized with the Yoast SEO plugin v23.5 - https:\/\/yoast.com\/wordpress\/plugins\/seo\/ -->\n<title>About us - \u041d\u044e\u043c\u0435\u043a\u0441 \u0415\u041e\u041e\u0414<\/title>\n<meta name=\"robots\" content=\"index, follow, max-snippet:-1, max-image-preview:large, max-video-preview:-1\" \/>\n<link rel=\"canonical\" href=\"https:\/\/newmechs.com\/en\/about-us\/\" \/>\n<meta property=\"og:locale\" content=\"en_US\" \/>\n<meta property=\"og:type\" content=\"article\" \/>\n<meta property=\"og:title\" content=\"About us - \u041d\u044e\u043c\u0435\u043a\u0441 \u0415\u041e\u041e\u0414\" \/>\n<meta property=\"og:description\" content=\"[vc_row css=&#8221;.vc_custom_1586688792713{margin-top: 50px !important;}&#8221;][vc_column][vc_column_text css=&#8221;.vc_custom_1596179988456{margin-bottom: 50px !important;}&#8221;]In the foundation of our work is laid the will through knowledge and competence to propose the best service in the field of delivery of systems, spare parts and services for industrial and mobile hydraulics, lubrication systems and filtration technology. The detailed knowledge of the components allows us to [&hellip;]\" \/>\n<meta property=\"og:url\" content=\"https:\/\/newmechs.com\/en\/about-us\/\" \/>\n<meta property=\"og:site_name\" content=\"\u041d\u044e\u043c\u0435\u043a\u0441 \u0415\u041e\u041e\u0414\" \/>\n<meta property=\"article:modified_time\" content=\"2020-08-06T11:18:52+00:00\" \/>\n<meta name=\"twitter:card\" content=\"summary_large_image\" \/>\n<meta name=\"twitter:label1\" content=\"Est. reading time\" \/>\n\t<meta name=\"twitter:data1\" content=\"1 minute\" \/>\n<script type=\"application\/ld+json\" class=\"yoast-schema-graph\">{\"@context\":\"https:\/\/schema.org\",\"@graph\":[{\"@type\":\"WebPage\",\"@id\":\"https:\/\/newmechs.com\/en\/about-us\/\",\"url\":\"https:\/\/newmechs.com\/en\/about-us\/\",\"name\":\"About us - \u041d\u044e\u043c\u0435\u043a\u0441 \u0415\u041e\u041e\u0414\",\"isPartOf\":{\"@id\":\"https:\/\/newmechs.com\/en\/#website\"},\"datePublished\":\"2020-03-31T17:50:58+00:00\",\"dateModified\":\"2020-08-06T11:18:52+00:00\",\"breadcrumb\":{\"@id\":\"https:\/\/newmechs.com\/en\/about-us\/#breadcrumb\"},\"inLanguage\":\"en-US\",\"potentialAction\":[{\"@type\":\"ReadAction\",\"target\":[\"https:\/\/newmechs.com\/en\/about-us\/\"]}]},{\"@type\":\"BreadcrumbList\",\"@id\":\"https:\/\/newmechs.com\/en\/about-us\/#breadcrumb\",\"itemListElement\":[{\"@type\":\"ListItem\",\"position\":1,\"name\":\"Home\",\"item\":\"https:\/\/newmechs.com\/en\/\"},{\"@type\":\"ListItem\",\"position\":2,\"name\":\"About us\"}]},{\"@type\":\"WebSite\",\"@id\":\"https:\/\/newmechs.com\/en\/#website\",\"url\":\"https:\/\/newmechs.com\/en\/\",\"name\":\"\u041d\u044e\u043c\u0435\u043a\u0441 \u0415\u041e\u041e\u0414\",\"description\":\"\u0420\u0435\u0448\u0435\u043d\u0438\u044f \u0437\u0430 \u0445\u0438\u0434\u0440\u0430\u0432\u043b\u0438\u0447\u043d\u0438, \u0441\u043c\u0430\u0437\u043e\u0447\u043d\u0438 \u0438 \u0441\u0438\u0441\u0442\u0435\u043c\u0438 \u0437\u0430 \u0444\u0438\u043b\u0442\u0440\u0430\u0446\u0438\u044f\",\"potentialAction\":[{\"@type\":\"SearchAction\",\"target\":{\"@type\":\"EntryPoint\",\"urlTemplate\":\"https:\/\/newmechs.com\/en\/?s={search_term_string}\"},\"query-input\":{\"@type\":\"PropertyValueSpecification\",\"valueRequired\":true,\"valueName\":\"search_term_string\"}}],\"inLanguage\":\"en-US\"}]}<\/script>\n<!-- \/ Yoast SEO plugin. -->","yoast_head_json":{"title":"About us - \u041d\u044e\u043c\u0435\u043a\u0441 \u0415\u041e\u041e\u0414","robots":{"index":"index","follow":"follow","max-snippet":"max-snippet:-1","max-image-preview":"max-image-preview:large","max-video-preview":"max-video-preview:-1"},"canonical":"https:\/\/newmechs.com\/en\/about-us\/","og_locale":"en_US","og_type":"article","og_title":"About us - \u041d\u044e\u043c\u0435\u043a\u0441 \u0415\u041e\u041e\u0414","og_description":"[vc_row css=&#8221;.vc_custom_1586688792713{margin-top: 50px !important;}&#8221;][vc_column][vc_column_text css=&#8221;.vc_custom_1596179988456{margin-bottom: 50px !important;}&#8221;]In the foundation of our work is laid the will through knowledge and competence to propose the best service in the field of delivery of systems, spare parts and services for industrial and mobile hydraulics, lubrication systems and filtration technology. The detailed knowledge of the components allows us to [&hellip;]","og_url":"https:\/\/newmechs.com\/en\/about-us\/","og_site_name":"\u041d\u044e\u043c\u0435\u043a\u0441 \u0415\u041e\u041e\u0414","article_modified_time":"2020-08-06T11:18:52+00:00","twitter_card":"summary_large_image","twitter_misc":{"Est. reading time":"1 minute"},"schema":{"@context":"https:\/\/schema.org","@graph":[{"@type":"WebPage","@id":"https:\/\/newmechs.com\/en\/about-us\/","url":"https:\/\/newmechs.com\/en\/about-us\/","name":"About us - \u041d\u044e\u043c\u0435\u043a\u0441 \u0415\u041e\u041e\u0414","isPartOf":{"@id":"https:\/\/newmechs.com\/en\/#website"},"datePublished":"2020-03-31T17:50:58+00:00","dateModified":"2020-08-06T11:18:52+00:00","breadcrumb":{"@id":"https:\/\/newmechs.com\/en\/about-us\/#breadcrumb"},"inLanguage":"en-US","potentialAction":[{"@type":"ReadAction","target":["https:\/\/newmechs.com\/en\/about-us\/"]}]},{"@type":"BreadcrumbList","@id":"https:\/\/newmechs.com\/en\/about-us\/#breadcrumb","itemListElement":[{"@type":"ListItem","position":1,"name":"Home","item":"https:\/\/newmechs.com\/en\/"},{"@type":"ListItem","position":2,"name":"About us"}]},{"@type":"WebSite","@id":"https:\/\/newmechs.com\/en\/#website","url":"https:\/\/newmechs.com\/en\/","name":"\u041d\u044e\u043c\u0435\u043a\u0441 \u0415\u041e\u041e\u0414","description":"\u0420\u0435\u0448\u0435\u043d\u0438\u044f \u0437\u0430 \u0445\u0438\u0434\u0440\u0430\u0432\u043b\u0438\u0447\u043d\u0438, \u0441\u043c\u0430\u0437\u043e\u0447\u043d\u0438 \u0438 \u0441\u0438\u0441\u0442\u0435\u043c\u0438 \u0437\u0430 \u0444\u0438\u043b\u0442\u0440\u0430\u0446\u0438\u044f","potentialAction":[{"@type":"SearchAction","target":{"@type":"EntryPoint","urlTemplate":"https:\/\/newmechs.com\/en\/?s={search_term_string}"},"query-input":{"@type":"PropertyValueSpecification","valueRequired":true,"valueName":"search_term_string"}}],"inLanguage":"en-US"}]}},"_links":{"self":[{"href":"https:\/\/newmechs.com\/en\/wp-json\/wp\/v2\/pages\/766"}],"collection":[{"href":"https:\/\/newmechs.com\/en\/wp-json\/wp\/v2\/pages"}],"about":[{"href":"https:\/\/newmechs.com\/en\/wp-json\/wp\/v2\/types\/page"}],"author":[{"embeddable":true,"href":"https:\/\/newmechs.com\/en\/wp-json\/wp\/v2\/users\/1"}],"replies":[{"embeddable":true,"href":"https:\/\/newmechs.com\/en\/wp-json\/wp\/v2\/comments?post=766"}],"version-history":[{"count":4,"href":"https:\/\/newmechs.com\/en\/wp-json\/wp\/v2\/pages\/766\/revisions"}],"predecessor-version":[{"id":772,"href":"https:\/\/newmechs.com\/en\/wp-json\/wp\/v2\/pages\/766\/revisions\/772"}],"wp:attachment":[{"href":"https:\/\/newmechs.com\/en\/wp-json\/wp\/v2\/media?parent=766"}],"curies":[{"name":"wp","href":"https:\/\/api.w.org\/{rel}","templated":true}]}}